{"id":89,"date":"2014-09-18T09:08:38","date_gmt":"2014-09-18T09:08:38","guid":{"rendered":"http:\/\/www.animalist.eu\/?page_id=89"},"modified":"2014-11-17T10:55:43","modified_gmt":"2014-11-17T09:55:43","slug":"o-udruzi","status":"publish","type":"page","link":"http:\/\/www.animalist.eu\/?page_id=89","title":{"rendered":"O udruzi"},"content":{"rendered":"<p style=\"text-align: justify;\"><a href=\"http:\/\/www.animalist.eu\/wp-content\/uploads\/2014\/09\/O-Udruzi-3.jpg\"><img loading=\"lazy\" class=\"alignnone size-full wp-image-1083\" src=\"http:\/\/www.animalist.eu\/wp-content\/uploads\/2014\/09\/O-Udruzi-3.jpg\" alt=\"O Udruzi 3\" width=\"725\" height=\"290\" srcset=\"http:\/\/www.animalist.eu\/wp-content\/uploads\/2014\/09\/O-Udruzi-3.jpg 725w, http:\/\/www.animalist.eu\/wp-content\/uploads\/2014\/09\/O-Udruzi-3-300x120.jpg 300w\" sizes=\"(max-width: 725px) 100vw, 725px\" \/><\/a><\/p>\n<p style=\"text-align: justify;\">Udruga Prijatelji \u017eivotinja neprofitna je nevladina udruga, osnovana 2001. godine s ciljem promoviranja za\u0161tite i prava \u017eivotinja te vegetarijanstva, odnosno veganstva, kao eti\u010dki, ekolo\u0161ki i zdravstveno prihvatljivog \u017eivotnog stila.<\/p>\n<p style=\"text-align: justify;\">Krajnji cilj je ukidanje specizma, odnosno bilo kojeg oblika zlostavljanja, mu\u010denja i eksploatacije \u017eivotinja od strane ljudi, uva\u017eavanje prava \u017eivotinja te postizanje biocentrizma i odr\u017eivog na\u010dina \u017eivljenja za op\u0107e dobro.<\/p>\n<p style=\"text-align: justify;\">U dosada\u0161njem djelovanju Prijatelji \u017eivotinja odr\u017eali su stotine kampanja i akcija kojima su skrenuli pozornost na patnje \u017eivotinja u prehrambenoj industriji, laboratorijima, farmama krzna, lovu i ribolovu, industriji zabave te educirali o problemu napu\u0161tanja i zlostavljanja ku\u0107nih \u017eivotinja.<\/p>\n<p style=\"text-align: left;\">Slu\u017ebena web-stranica Udruge je <a href=\"http:\/\/www.prijatelji-zivotinja.hr\" target=\"_blank\">www.prijatelji-zivotinja.hr<\/a>, a ostali web-projekti su:\u00a0<a href=\"http:\/\/www.vegan.hr\/\" target=\"_blank\">www.vegan.hr<\/a>, <a href=\"http:\/\/www.masovnoubijanje.prijatelji-zivotinja.hr\/\" target=\"_blank\">www.MasovnoUbijanje.prijatelji-zivotinja.hr<\/a>, <a href=\"http:\/\/www.vegekit.prijatelji-zivotinja.hr\/\" target=\"_blank\">www.Vegekit.prijatelji-zivotinja.hr<\/a>,\u00a0<a href=\"http:\/\/www.eceae.org\/saveprimates\/en\/flashindex.html\" target=\"_blank\">www.saveprimates.eu<\/a>, <a href=\"http:\/\/www.v-label.info\/hr\/home\/start.html\" target=\"_blank\">www.v-label.info<\/a>, <a href=\"http:\/\/www.futurefood.org\/\" target=\"_blank\">www.futurefood.org<\/a>, <a href=\"http:\/\/www.abolicija.prijatelji-zivotinja.hr\/\" target=\"_blank\">www.abolicija.prijatelji-zivotinja.hr<\/a>, <a href=\"http:\/\/www.nevidljive-zivotinje.prijatelji-zivotinja.hr\/\" target=\"_blank\">www.nevidljive-zivotinje.prijatelji-zivotinja.hr<\/a>, <a href=\"http:\/\/www.animalist.eu\/\" target=\"_blank\">www.animalist.eu<\/a>,<a href=\"http:\/\/www.zegevege.com\/\" target=\"_blank\">www.zegevege.com<\/a> i <a href=\"http:\/\/www.zeleni-ponedjeljak.com\/\" target=\"_blank\">www.zeleni-ponedjeljak.com<\/a>.<\/p>\n<p style=\"text-align: justify;\">Prijatelji \u017eivotinja su \u010dlanovi organizacija <a href=\"http:\/\/www.euroveg.eu\/\" target=\"_blank\">EVU<\/a> (European Vegetarian Union), <a href=\"http:\/\/www.eceae.org\/\" target=\"_blank\">ECEAE<\/a> (European Coalition to End Animal Experiments), <a href=\"http:\/\/www.infurmation.com\/\" target=\"_blank\">FFA<\/a> (Fur Free Alliance), <a href=\"http:\/\/eurogroupforanimals.org\/\" target=\"_blank\">Eurogroup For Animals<\/a>, <a href=\"http:\/\/www.antifurcoalition.org\/\" target=\"_blank\">IAFC<\/a> (International Anti-Fur Coalition) i <a href=\"http:\/\/www.oipa.org\/\" target=\"_blank\">OIPA<\/a> (International Organization for Animal Protection) te partneri me\u0111unarodne organizacije <a href=\"http:\/\/www.prijatelji-zivotinja.hr\/index.hr.php?id=1708\" target=\"_blank\">InterNICHE<\/a>. Tako\u0111er, zastupnici su <a href=\"http:\/\/www.prijatelji-zivotinja.hr\/index.hr.php?id=2317\" target=\"_blank\">V-oznake<\/a> u Hrvatskoj.<\/p>\n<p style=\"text-align: justify;\">U ostvarivanju svojih ciljeva Prijatelji \u017eivotinja koriste se sljede\u0107im metodama:<\/p>\n<p style=\"text-align: justify;\">&#8211; edukacijom gra\u0111ana<br \/>\n&#8211; suradnjom s javnim institucijama na nacionalnoj i lokalnoj razini<br \/>\n&#8211; suradnjom s organima vlasti na nacionalnoj i lokalnoj razini<br \/>\n&#8211; suradnjom sa srodnim udrugama iz inozemstva<br \/>\n&#8211; predlaganjem izmjena zakona i podzakonskih akata<br \/>\n&#8211; javnim manifestacijama (informativni \u0161tandovi, festivali, prosvjedi, povorke, javne akcije)<br \/>\n&#8211; predavanjima u vrti\u0107ima, osnovnim i srednjim \u0161kolama te na fakultetima<br \/>\n&#8211; radionicama<br \/>\n&#8211; objavom knjiga, filmova, bro\u0161ura, letaka, web-stranica i drugih tiskanih i on-line izdanja<br \/>\n&#8211; savjetovanjem o zdravoj prehrani, na\u010dinima djelovanja za \u017eivotinje i okoli\u0161 i sli\u010dno<br \/>\n&#8211; programima povoljnijih i, ovisno o doniranim sredstvima, besplatnih kastracija<\/p>\n<p style=\"text-align: justify;\">Ako ste zainteresirani za:<\/p>\n<p style=\"text-align: justify;\">&#8211; dobivanje na\u0161ih besplatnih materijala<br \/>\n&#8211; odr\u017eavanje predavanja ili prezentacija u va\u0161im \u0161kolama\/na fakultetima<br \/>\n&#8211; pou\u010davanje o veganskoj prehrani i kuhanju<br \/>\n&#8211; savjete o zdravoj prehrani, proizvodima koji nisu testirani na \u017eivotinjama, suosje\u0107ajnom odijevanju<br \/>\n&#8211; aktivno djelovanje i volontiranje<br \/>\n&#8211; u\u010dlanjenje i podr\u0161ku prema \u017eelji i mogu\u0107nostima<br \/>\n&#8211; kastriranje udomljenih \u017eivotinja<br \/>\n&#8211; pomo\u0107 oko organiziranja javnih doga\u0111aja vezanih za promociju veganstva i prava \u017eivotinja&#8230;<br \/>\n&#8211; V-oznaku<br \/>\n&#8211; InterNICHE alternative pokusima u edukaciji<\/p>\n<p style=\"text-align: justify;\">obratite nam se na telefon 060 446644 ili na e-mail prijatelji.zivotinja@inet.hr.<\/p>\n<p style=\"text-align: justify;\">Kao udruga, Prijatelji \u017eivotinja ne bave se sljede\u0107im aktivnostima:<\/p>\n<p style=\"text-align: justify;\">&#8211; prihva\u0107anjem napu\u0161tenih \u017eivotinja (nemamo skloni\u0161te)<br \/>\n&#8211; skupljanjem ranjenih i napu\u0161tenih \u017eivotinja<br \/>\n&#8211; pisanjem prijava umjesto svjedoka zlostavljanja \u017eivotinja (dajemo upute)<\/p>\n<p style=\"text-align: justify;\">Udruga Prijatelji \u017eivotinja ne sudjeluje u promid\u017ebi politi\u010dkih stranaka, koalicija politi\u010dkih stranaka niti kandidata, ne daje im izravnu politi\u010dku potporu niti prikuplja sredstva za njihovo financiranje.<\/p>\n<p style=\"text-align: justify;\">Ako trebate udomiti napu\u0161tenu \u017eivotinju, molimo vas da koristite isklju\u010divo <a href=\"http:\/\/www.prijatelji-zivotinja.hr\/index.hr.php?id=89\" target=\"_blank\">on-line oglasnik<\/a>. \u0160to u\u010diniti s napu\u0161tenom \u017eivotinjom i kako oglasiti \u017eivotinju koja treba dom, saznajte <a href=\"http:\/\/www.prijatelji-zivotinja.hr\/index.hr.php?id=1085\" target=\"_blank\">ovdje<\/a>.<\/p>\n<p style=\"text-align: justify;\">Popis nadle\u017enih institucija i upute \u0161to u\u010diniti u slu\u010dajevima zanemarivanja, zlostavljanja i ubijanja \u017eivotinja na\u0107i \u0107ete <a href=\"http:\/\/www.prijatelji-zivotinja.hr\/index.hr.php?id=2384\" target=\"_blank\">ovdje<\/a>.<\/p>\n<p style=\"text-align: justify;\">Odgovore na naj\u010de\u0161\u0107a pitanja mo\u017eete na\u0107i <a href=\"http:\/\/www.prijatelji-zivotinja.hr\/index.hr.php?id=91\" target=\"_blank\">ovdje<\/a>.<\/p>\n<p style=\"text-align: justify;\">Prijavnicu za \u010dlanstvo mo\u017eete na\u0107i <a href=\"http:\/\/www.prijatelji-zivotinja.hr\/index.hr.php?id=99\" target=\"_blank\">ovdje<\/a>.<\/p>\n<p style=\"text-align: justify;\">Prijavnicu za besplatne materijale i promotivne artikle mo\u017eete na\u0107i <a href=\"http:\/\/www.prijatelji-zivotinja.hr\/index.hr.php?id=585\" target=\"_blank\">ovdje<\/a>.<\/p>\n<p style=\"text-align: justify;\">Prijavnice za razne oblike volontiranja mo\u017eete na\u0107i <a href=\"http:\/\/www.prijatelji-zivotinja.hr\/index.hr.php?id=765\" target=\"_blank\">ovdje<\/a>.<\/p>\n<p style=\"text-align: justify;\">Ra\u010dun Udruge: IBAN HR2023600001101531137<\/p>\n","protected":false},"excerpt":{"rendered":"<p>Udruga Prijatelji \u017eivotinja neprofitna je nevladina udruga, osnovana 2001. godine s ciljem promoviranja za\u0161tite i prava \u017eivotinja te vegetarijanstva, odnosno veganstva, kao eti\u010dki, ekolo\u0161ki i zdravstveno prihvatljivog \u017eivotnog stila. Krajnji cilj je ukidanje specizma, odnosno bilo kojeg oblika zlostavljanja, mu\u010denja i eksploatacije \u017eivotinja od strane ljudi, uva\u017eavanje prava \u017eivotinja te postizanje biocentrizma i odr\u017eivog na\u010dina [&hellip;]<\/p>\n","protected":false},"author":1,"featured_media":0,"parent":0,"menu_order":0,"comment_status":"closed","ping_status":"closed","template":"","meta":[],"_links":{"self":[{"href":"http:\/\/www.animalist.eu\/index.php?rest_route=\/wp\/v2\/pages\/89"}],"collection":[{"href":"http:\/\/www.animalist.eu\/index.php?rest_route=\/wp\/v2\/pages"}],"about":[{"href":"http:\/\/www.animalist.eu\/index.php?rest_route=\/wp\/v2\/types\/page"}],"author":[{"embeddable":true,"href":"http:\/\/www.animalist.eu\/index.php?rest_route=\/wp\/v2\/users\/1"}],"replies":[{"embeddable":true,"href":"http:\/\/www.animalist.eu\/index.php?rest_route=%2Fwp%2Fv2%2Fcomments&post=89"}],"version-history":[{"count":12,"href":"http:\/\/www.animalist.eu\/index.php?rest_route=\/wp\/v2\/pages\/89\/revisions"}],"predecessor-version":[{"id":1216,"href":"http:\/\/www.animalist.eu\/index.php?rest_route=\/wp\/v2\/pages\/89\/revisions\/1216"}],"wp:attachment":[{"href":"http:\/\/www.animalist.eu\/index.php?rest_route=%2Fwp%2Fv2%2Fmedia&parent=89"}],"curies":[{"name":"wp","href":"https:\/\/api.w.org\/{rel}","templated":true}]}}