{"id":1062,"date":"2014-10-15T16:40:58","date_gmt":"2014-10-15T14:40:58","guid":{"rendered":"http:\/\/www.animalist.eu\/?page_id=1062"},"modified":"2018-06-08T16:10:29","modified_gmt":"2018-06-08T14:10:29","slug":"o-animalistu","status":"publish","type":"page","link":"http:\/\/www.animalist.eu\/?page_id=1062","title":{"rendered":"O AnimaListu"},"content":{"rendered":"<p><a href=\"http:\/\/www.animalist.eu\/wp-content\/uploads\/2014\/10\/O-AnimaListu.jpg\"><img loading=\"lazy\" class=\"alignnone size-full wp-image-1091\" src=\"http:\/\/www.animalist.eu\/wp-content\/uploads\/2014\/10\/O-AnimaListu.jpg\" alt=\"O AnimaListu\" width=\"725\" height=\"290\" srcset=\"http:\/\/www.animalist.eu\/wp-content\/uploads\/2014\/10\/O-AnimaListu.jpg 725w, http:\/\/www.animalist.eu\/wp-content\/uploads\/2014\/10\/O-AnimaListu-300x120.jpg 300w\" sizes=\"(max-width: 725px) 100vw, 725px\" \/><\/a><\/p>\n<p style=\"text-align: justify;\">AnimaList je elektronski newsletter udruge Prijatelji \u017eivotinja koji svoju prvu objavu bilje\u017ei, sad ve\u0107 davne, 2003. godine.<\/p>\n<p style=\"text-align: justify;\">Dvojezi\u010dni AnimaList broji preko 160 brojeva, a na e-mail ga prima preko 30.000 ljudi diljem Hrvatske i svijeta.<\/p>\n<p style=\"text-align: justify;\">Putem njega Udruga obavje\u0161tava o svim zanimljivostima teku\u0107eg mjeseca. Mo\u017eete pratiti sve akcije, kampanje, podvige i uspjehe \u010diji je zajedni\u010dki cilj bolji i sigurniji \u017eivot za prijatelje \u017eivotinje.<\/p>\n<p style=\"text-align: justify;\">Ako i vi \u017eelite primati svoj primjerak AnimaLista ispunite ovaj <a href=\"http:\/\/eepurl.com\/dvA8e5\">obrazac<\/a>.<\/p>\n","protected":false},"excerpt":{"rendered":"<p>AnimaList je elektronski newsletter udruge Prijatelji \u017eivotinja koji svoju prvu objavu bilje\u017ei, sad ve\u0107 davne, 2003. godine. Dvojezi\u010dni AnimaList broji preko 160 brojeva, a na e-mail ga prima preko 30.000 ljudi diljem Hrvatske i svijeta. Putem njega Udruga obavje\u0161tava o svim zanimljivostima teku\u0107eg mjeseca. Mo\u017eete pratiti sve akcije, kampanje, podvige i uspjehe \u010diji je zajedni\u010dki [&hellip;]<\/p>\n","protected":false},"author":1,"featured_media":0,"parent":0,"menu_order":0,"comment_status":"closed","ping_status":"closed","template":"","meta":[],"_links":{"self":[{"href":"http:\/\/www.animalist.eu\/index.php?rest_route=\/wp\/v2\/pages\/1062"}],"collection":[{"href":"http:\/\/www.animalist.eu\/index.php?rest_route=\/wp\/v2\/pages"}],"about":[{"href":"http:\/\/www.animalist.eu\/index.php?rest_route=\/wp\/v2\/types\/page"}],"author":[{"embeddable":true,"href":"http:\/\/www.animalist.eu\/index.php?rest_route=\/wp\/v2\/users\/1"}],"replies":[{"embeddable":true,"href":"http:\/\/www.animalist.eu\/index.php?rest_route=%2Fwp%2Fv2%2Fcomments&post=1062"}],"version-history":[{"count":10,"href":"http:\/\/www.animalist.eu\/index.php?rest_route=\/wp\/v2\/pages\/1062\/revisions"}],"predecessor-version":[{"id":2570,"href":"http:\/\/www.animalist.eu\/index.php?rest_route=\/wp\/v2\/pages\/1062\/revisions\/2570"}],"wp:attachment":[{"href":"http:\/\/www.animalist.eu\/index.php?rest_route=%2Fwp%2Fv2%2Fmedia&parent=1062"}],"curies":[{"name":"wp","href":"https:\/\/api.w.org\/{rel}","templated":true}]}}